{"id":16,"date":"2025-12-09T19:40:41","date_gmt":"2025-12-09T19:40:41","guid":{"rendered":"https:\/\/meinhardhemer.rkinformatika.online\/?page_id=16"},"modified":"2026-02-03T08:22:38","modified_gmt":"2026-02-03T08:22:38","slug":"servicios","status":"publish","type":"page","link":"https:\/\/meinhardhemer.es\/en\/servicios\/","title":{"rendered":"Services"},"content":{"rendered":"<div data-elementor-type=\"wp-page\" data-elementor-id=\"16\" class=\"elementor elementor-16\" data-elementor-post-type=\"page\">\n\t\t\t\t<div class=\"elementor-element elementor-element-336cd34 e-con-full e-flex e-con e-parent\" data-id=\"336cd34\" data-element_type=\"container\" data-e-type=\"container\" data-settings=\"{&quot;background_background&quot;:&quot;classic&quot;}\">\n\t\t<div class=\"elementor-element elementor-element-d06348a e-con-full e-flex e-con e-child\" data-id=\"d06348a\" data-element_type=\"container\" data-e-type=\"container\" data-settings=\"{&quot;background_background&quot;:&quot;classic&quot;}\">\n\t\t<div class=\"elementor-element elementor-element-b3c2b93 e-con-full e-flex e-con e-child\" data-id=\"b3c2b93\" data-element_type=\"container\" data-e-type=\"container\" data-settings=\"{&quot;background_background&quot;:&quot;classic&quot;}\">\n\t\t\t\t<div class=\"elementor-element elementor-element-2af6219 elementor-widget elementor-widget-heading\" data-id=\"2af6219\" data-element_type=\"widget\" data-e-type=\"widget\" data-widget_type=\"heading.default\">\n\t\t\t\t\t<h2 class=\"elementor-heading-title elementor-size-default\">NuestrOS SERVICIOS<\/h2>\t\t\t\t<\/div>\n\t\t\t\t<\/div>\n\t\t<div class=\"elementor-element elementor-element-37408ac e-con-full e-flex e-con e-child\" data-id=\"37408ac\" data-element_type=\"container\" data-e-type=\"container\" data-settings=\"{&quot;background_background&quot;:&quot;classic&quot;}\">\n\t\t<div class=\"elementor-element elementor-element-5ca9122 e-con-full e-flex e-con e-child\" data-id=\"5ca9122\" data-element_type=\"container\" data-e-type=\"container\">\n\t\t<div class=\"elementor-element elementor-element-9cc4b1e e-grid e-con-full e-con e-child\" data-id=\"9cc4b1e\" data-element_type=\"container\" data-e-type=\"container\">\n\t\t<div class=\"elementor-element elementor-element-eea3b25 e-con-full e-flex e-con e-child\" data-id=\"eea3b25\" data-element_type=\"container\" data-e-type=\"container\" data-settings=\"{&quot;background_background&quot;:&quot;classic&quot;}\">\n\t\t<div class=\"elementor-element elementor-element-0627e45 e-con-full e-flex e-con e-child\" data-id=\"0627e45\" data-element_type=\"container\" data-e-type=\"container\" data-settings=\"{&quot;background_background&quot;:&quot;classic&quot;}\">\n\t\t\t\t<div class=\"elementor-element elementor-element-7ef5b37 elementor-widget elementor-widget-heading\" data-id=\"7ef5b37\" data-element_type=\"widget\" data-e-type=\"widget\" data-widget_type=\"heading.default\">\n\t\t\t\t\t<h2 class=\"elementor-heading-title elementor-size-default\">Fisioterapia en general<\/h2>\t\t\t\t<\/div>\n\t\t\t\t<\/div>\n\t\t\t\t<\/div>\n\t\t<div class=\"elementor-element elementor-element-2e2471b e-con-full e-flex e-con e-child\" data-id=\"2e2471b\" data-element_type=\"container\" data-e-type=\"container\" data-settings=\"{&quot;background_background&quot;:&quot;classic&quot;}\">\n\t\t<div class=\"elementor-element elementor-element-d959936 e-con-full e-flex e-con e-child\" data-id=\"d959936\" data-element_type=\"container\" data-e-type=\"container\" data-settings=\"{&quot;background_background&quot;:&quot;classic&quot;}\">\n\t\t\t\t<div class=\"elementor-element elementor-element-01fbdf3 elementor-widget elementor-widget-heading\" data-id=\"01fbdf3\" data-element_type=\"widget\" data-e-type=\"widget\" data-widget_type=\"heading.default\">\n\t\t\t\t\t<h2 class=\"elementor-heading-title elementor-size-default\">Rehabilitaci\u00f3n<\/h2>\t\t\t\t<\/div>\n\t\t\t\t<\/div>\n\t\t\t\t<\/div>\n\t\t<div class=\"elementor-element elementor-element-a2b3a72 e-con-full e-flex e-con e-child\" data-id=\"a2b3a72\" data-element_type=\"container\" data-e-type=\"container\" data-settings=\"{&quot;background_background&quot;:&quot;classic&quot;}\">\n\t\t<div class=\"elementor-element elementor-element-c4fcc6f e-con-full e-flex e-con e-child\" data-id=\"c4fcc6f\" data-element_type=\"container\" data-e-type=\"container\" data-settings=\"{&quot;background_background&quot;:&quot;classic&quot;}\">\n\t\t\t\t<div class=\"elementor-element elementor-element-bfe97ac elementor-widget elementor-widget-heading\" data-id=\"bfe97ac\" data-element_type=\"widget\" data-e-type=\"widget\" data-widget_type=\"heading.default\">\n\t\t\t\t\t<h2 class=\"elementor-heading-title elementor-size-default\">T\u00e9cnicas neurofisi\u00f3logos<\/h2>\t\t\t\t<\/div>\n\t\t\t\t<\/div>\n\t\t\t\t<\/div>\n\t\t<div class=\"elementor-element elementor-element-e96025c e-con-full e-flex e-con e-child\" data-id=\"e96025c\" data-element_type=\"container\" data-e-type=\"container\" data-settings=\"{&quot;background_background&quot;:&quot;classic&quot;}\">\n\t\t<div class=\"elementor-element elementor-element-8888a6f e-con-full e-flex e-con e-child\" data-id=\"8888a6f\" data-element_type=\"container\" data-e-type=\"container\" data-settings=\"{&quot;background_background&quot;:&quot;classic&quot;}\">\n\t\t\t\t<div class=\"elementor-element elementor-element-a201fa6 elementor-widget elementor-widget-heading\" data-id=\"a201fa6\" data-element_type=\"widget\" data-e-type=\"widget\" data-widget_type=\"heading.default\">\n\t\t\t\t\t<h2 class=\"elementor-heading-title elementor-size-default\">Tratamiento individual<\/h2>\t\t\t\t<\/div>\n\t\t\t\t<\/div>\n\t\t\t\t<\/div>\n\t\t\t\t<\/div>\n\t\t\t\t<\/div>\n\t\t\t\t<\/div>\n\t\t\t\t<\/div>\n\t\t\t\t<\/div>\n\t\t\t\t<\/div>","protected":false},"excerpt":{"rendered":"<p>NuestrOS SERVICIOS Fisioterapia en general Rehabilitaci\u00f3n T\u00e9cnicas neurofisi\u00f3logos Tratamiento individual<\/p>","protected":false},"author":1,"featured_media":0,"parent":0,"menu_order":0,"comment_status":"closed","ping_status":"closed","template":"elementor_canvas","meta":{"footnotes":""},"class_list":["post-16","page","type-page","status-publish","hentry"],"yoast_head":"<!-- This site is optimized with the Yoast SEO plugin v27.3 - https:\/\/yoast.com\/product\/yoast-seo-wordpress\/ -->\n<title>Servicios - Meinhard Hemer Fisioterapia<\/title>\n<meta name=\"robots\" content=\"index, follow, max-snippet:-1, max-image-preview:large, max-video-preview:-1\" \/>\n<link rel=\"canonical\" href=\"https:\/\/meinhardhemer.es\/en\/servicios\/\" \/>\n<meta property=\"og:locale\" content=\"en_US\" \/>\n<meta property=\"og:type\" content=\"article\" \/>\n<meta property=\"og:title\" content=\"Servicios - Meinhard Hemer Fisioterapia\" \/>\n<meta property=\"og:description\" content=\"NuestrOS SERVICIOS Fisioterapia en general Rehabilitaci\u00f3n T\u00e9cnicas neurofisi\u00f3logos Tratamiento individual\" \/>\n<meta property=\"og:url\" content=\"https:\/\/meinhardhemer.es\/en\/servicios\/\" \/>\n<meta property=\"og:site_name\" content=\"Meinhard Hemer Fisioterapia\" \/>\n<meta property=\"article:modified_time\" content=\"2026-02-03T08:22:38+00:00\" \/>\n<meta name=\"twitter:card\" content=\"summary_large_image\" \/>\n<meta name=\"twitter:label1\" content=\"Est. reading time\" \/>\n\t<meta name=\"twitter:data1\" content=\"1 minute\" \/>\n<script type=\"application\/ld+json\" class=\"yoast-schema-graph\">{\"@context\":\"https:\\\/\\\/schema.org\",\"@graph\":[{\"@type\":\"WebPage\",\"@id\":\"https:\\\/\\\/meinhardhemer.es\\\/servicios\\\/\",\"url\":\"https:\\\/\\\/meinhardhemer.es\\\/servicios\\\/\",\"name\":\"Servicios - Meinhard Hemer Fisioterapia\",\"isPartOf\":{\"@id\":\"https:\\\/\\\/meinhardhemer.es\\\/#website\"},\"datePublished\":\"2025-12-09T19:40:41+00:00\",\"dateModified\":\"2026-02-03T08:22:38+00:00\",\"breadcrumb\":{\"@id\":\"https:\\\/\\\/meinhardhemer.es\\\/servicios\\\/#breadcrumb\"},\"inLanguage\":\"en-US\",\"potentialAction\":[{\"@type\":\"ReadAction\",\"target\":[\"https:\\\/\\\/meinhardhemer.es\\\/servicios\\\/\"]}]},{\"@type\":\"BreadcrumbList\",\"@id\":\"https:\\\/\\\/meinhardhemer.es\\\/servicios\\\/#breadcrumb\",\"itemListElement\":[{\"@type\":\"ListItem\",\"position\":1,\"name\":\"Portada\",\"item\":\"https:\\\/\\\/meinhardhemer.es\\\/\"},{\"@type\":\"ListItem\",\"position\":2,\"name\":\"Servicios\"}]},{\"@type\":\"WebSite\",\"@id\":\"https:\\\/\\\/meinhardhemer.es\\\/#website\",\"url\":\"https:\\\/\\\/meinhardhemer.es\\\/\",\"name\":\"Meinhard Hemer Fisioterapia\",\"description\":\"Fisioterapia y rehabilitaci\u00f3n. \",\"publisher\":{\"@id\":\"https:\\\/\\\/meinhardhemer.es\\\/#organization\"},\"potentialAction\":[{\"@type\":\"SearchAction\",\"target\":{\"@type\":\"EntryPoint\",\"urlTemplate\":\"https:\\\/\\\/meinhardhemer.es\\\/?s={search_term_string}\"},\"query-input\":{\"@type\":\"PropertyValueSpecification\",\"valueRequired\":true,\"valueName\":\"search_term_string\"}}],\"inLanguage\":\"en-US\"},{\"@type\":\"Organization\",\"@id\":\"https:\\\/\\\/meinhardhemer.es\\\/#organization\",\"name\":\"Meinhard Hemer Fisioterapia\",\"url\":\"https:\\\/\\\/meinhardhemer.es\\\/\",\"logo\":{\"@type\":\"ImageObject\",\"inLanguage\":\"en-US\",\"@id\":\"https:\\\/\\\/meinhardhemer.es\\\/#\\\/schema\\\/logo\\\/image\\\/\",\"url\":\"https:\\\/\\\/meinhardhemer.es\\\/wp-content\\\/uploads\\\/2025\\\/12\\\/cropped-meinhardhemer202511_logoarriba.jpg\",\"contentUrl\":\"https:\\\/\\\/meinhardhemer.es\\\/wp-content\\\/uploads\\\/2025\\\/12\\\/cropped-meinhardhemer202511_logoarriba.jpg\",\"width\":346,\"height\":99,\"caption\":\"Meinhard Hemer Fisioterapia\"},\"image\":{\"@id\":\"https:\\\/\\\/meinhardhemer.es\\\/#\\\/schema\\\/logo\\\/image\\\/\"}}]}<\/script>\n<!-- \/ Yoast SEO plugin. -->","yoast_head_json":{"title":"Servicios - Meinhard Hemer Fisioterapia","robots":{"index":"index","follow":"follow","max-snippet":"max-snippet:-1","max-image-preview":"max-image-preview:large","max-video-preview":"max-video-preview:-1"},"canonical":"https:\/\/meinhardhemer.es\/en\/servicios\/","og_locale":"en_US","og_type":"article","og_title":"Servicios - Meinhard Hemer Fisioterapia","og_description":"NuestrOS SERVICIOS Fisioterapia en general Rehabilitaci\u00f3n T\u00e9cnicas neurofisi\u00f3logos Tratamiento individual","og_url":"https:\/\/meinhardhemer.es\/en\/servicios\/","og_site_name":"Meinhard Hemer Fisioterapia","article_modified_time":"2026-02-03T08:22:38+00:00","twitter_card":"summary_large_image","twitter_misc":{"Est. reading time":"1 minute"},"schema":{"@context":"https:\/\/schema.org","@graph":[{"@type":"WebPage","@id":"https:\/\/meinhardhemer.es\/servicios\/","url":"https:\/\/meinhardhemer.es\/servicios\/","name":"Servicios - Meinhard Hemer Fisioterapia","isPartOf":{"@id":"https:\/\/meinhardhemer.es\/#website"},"datePublished":"2025-12-09T19:40:41+00:00","dateModified":"2026-02-03T08:22:38+00:00","breadcrumb":{"@id":"https:\/\/meinhardhemer.es\/servicios\/#breadcrumb"},"inLanguage":"en-US","potentialAction":[{"@type":"ReadAction","target":["https:\/\/meinhardhemer.es\/servicios\/"]}]},{"@type":"BreadcrumbList","@id":"https:\/\/meinhardhemer.es\/servicios\/#breadcrumb","itemListElement":[{"@type":"ListItem","position":1,"name":"Portada","item":"https:\/\/meinhardhemer.es\/"},{"@type":"ListItem","position":2,"name":"Servicios"}]},{"@type":"WebSite","@id":"https:\/\/meinhardhemer.es\/#website","url":"https:\/\/meinhardhemer.es\/","name":"Meinhard Hemer Fisioterapia","description":"Fisioterapia y rehabilitaci\u00f3n.","publisher":{"@id":"https:\/\/meinhardhemer.es\/#organization"},"potentialAction":[{"@type":"SearchAction","target":{"@type":"EntryPoint","urlTemplate":"https:\/\/meinhardhemer.es\/?s={search_term_string}"},"query-input":{"@type":"PropertyValueSpecification","valueRequired":true,"valueName":"search_term_string"}}],"inLanguage":"en-US"},{"@type":"Organization","@id":"https:\/\/meinhardhemer.es\/#organization","name":"Meinhard Hemer Fisioterapia","url":"https:\/\/meinhardhemer.es\/","logo":{"@type":"ImageObject","inLanguage":"en-US","@id":"https:\/\/meinhardhemer.es\/#\/schema\/logo\/image\/","url":"https:\/\/meinhardhemer.es\/wp-content\/uploads\/2025\/12\/cropped-meinhardhemer202511_logoarriba.jpg","contentUrl":"https:\/\/meinhardhemer.es\/wp-content\/uploads\/2025\/12\/cropped-meinhardhemer202511_logoarriba.jpg","width":346,"height":99,"caption":"Meinhard Hemer Fisioterapia"},"image":{"@id":"https:\/\/meinhardhemer.es\/#\/schema\/logo\/image\/"}}]}},"_links":{"self":[{"href":"https:\/\/meinhardhemer.es\/en\/wp-json\/wp\/v2\/pages\/16","targetHints":{"allow":["GET"]}}],"collection":[{"href":"https:\/\/meinhardhemer.es\/en\/wp-json\/wp\/v2\/pages"}],"about":[{"href":"https:\/\/meinhardhemer.es\/en\/wp-json\/wp\/v2\/types\/page"}],"author":[{"embeddable":true,"href":"https:\/\/meinhardhemer.es\/en\/wp-json\/wp\/v2\/users\/1"}],"replies":[{"embeddable":true,"href":"https:\/\/meinhardhemer.es\/en\/wp-json\/wp\/v2\/comments?post=16"}],"version-history":[{"count":70,"href":"https:\/\/meinhardhemer.es\/en\/wp-json\/wp\/v2\/pages\/16\/revisions"}],"predecessor-version":[{"id":549,"href":"https:\/\/meinhardhemer.es\/en\/wp-json\/wp\/v2\/pages\/16\/revisions\/549"}],"wp:attachment":[{"href":"https:\/\/meinhardhemer.es\/en\/wp-json\/wp\/v2\/media?parent=16"}],"curies":[{"name":"wp","href":"https:\/\/api.w.org\/{rel}","templated":true}]}}